{"id":12057,"date":"2022-04-05T09:43:32","date_gmt":"2022-04-05T07:43:32","guid":{"rendered":"https:\/\/www.advens.com\/mentions-legales\/"},"modified":"2025-10-29T14:47:09","modified_gmt":"2025-10-29T13:47:09","slug":"impressum","status":"publish","type":"page","link":"https:\/\/www.advens.com\/de\/impressum\/","title":{"rendered":"Impressum"},"content":{"rendered":"\n<p><\/p>\n\n\n\n<p><\/p>\n\n\n\n<p><\/p>\n\n\n\n<h2 class=\"wp-block-heading\"><strong>ADVENS GmbH<\/strong><\/h2>\n\n\n\n<p>Weihenstephanerstr. 12, 81673 M\u00fcnchen\/Deutschland<br>E-Mail: INFO-DACH(at)advens.com<br>Gesch\u00e4ftsf\u00fchrer: David Buhan, Emmanuel Haudebourg<br>Prokurist: Andreas S\u00fc\u00df<\/p>\n\n\n\n<p><\/p>\n\n\n\n<p><strong>Registereintrag<\/strong><br>Registergericht: Amtsgericht M\u00fcnchen<br>Registernummer: HRB 289384<\/p>\n\n\n\n<p><\/p>\n\n\n\n<p><strong>Umsatzsteuer-ID<\/strong><br>Umsatzsteuer-Identifikationsnummer gem\u00e4\u00df \u00a727 a Umsatzsteuergesetz: DE 366016271<\/p>\n\n\n\n<p><\/p>\n\n\n\n<p><strong>Pressekontakt<\/strong><br>E-Mail: PR-DACH(at)advens.com<\/p>\n\n\n\n<p><\/p>\n\n\n\n<p><strong>Geltungsbereich<\/strong><br>Dieses Impressum gilt ausschlie\u00dflich f\u00fcr die Internetpr\u00e4senz unter den Adressen: <a href=\"https:\/\/www.advens.de\" rel=\"noreferrer noopener\" target=\"_blank\">www.advens.de<\/a> oder <a href=\"https:\/\/www.advens.com\/de\" rel=\"noreferrer noopener\" target=\"_blank\">www.advens.com\/de<\/a><\/p>\n\n\n\n<p><\/p>\n\n\n\n<p><strong>Haftungshinweis<\/strong><br>Trotz sorgf\u00e4ltiger inhaltlicher Kontrolle \u00fcbernehmen wir keine Haftung f\u00fcr die Inhalte externer Links. F\u00fcr den Inhalt der verlinkten Seiten sind ausschlie\u00dflich deren Betreiber verantwortlich. Alle Informationen dieser Internetpr\u00e4senz wurden sorgf\u00e4ltig recherchiert. Dennoch k\u00f6nnen Inhalte falsch oder unvollst\u00e4ndig sein. Eine Haftung f\u00fcr Sch\u00e4den oder andere Nachteile, die aus der Nutzung der hier pr\u00e4sentierten Informationen entstehen k\u00f6nnten, wird nicht \u00fcbernommen.<br>Gem\u00e4\u00df \u00a728 BDSG widersprechen wir ausdr\u00fccklich jeder Nutzung und Weitergabe unserer Daten ohne ausdr\u00fcckliche Genehmigung.<\/p>\n\n\n\n<p><strong>Sollten Teile dieser Hinweise nicht der geltenden Rechtslage entsprechen, bleiben die \u00fcbrigen Teile davon unber\u00fchrt.<\/strong><\/p>\n","protected":false},"excerpt":{"rendered":"<p>ADVENS GmbH Weihenstephanerstr. 12, 81673 M\u00fcnchen\/DeutschlandE-Mail: INFO-DACH(at)advens.comGesch\u00e4ftsf\u00fchrer: David Buhan, Emmanuel HaudebourgProkurist: Andreas S\u00fc\u00df RegistereintragRegistergericht: Amtsgericht M\u00fcnchenRegisternummer: HRB 289384 Umsatzsteuer-IDUmsatzsteuer-Identifikationsnummer gem\u00e4\u00df \u00a727 a Umsatzsteuergesetz: DE 366016271 PressekontaktE-Mail: PR-DACH(at)advens.com GeltungsbereichDieses Impressum gilt ausschlie\u00dflich f\u00fcr die Internetpr\u00e4senz unter den Adressen: www.advens.de oder www.advens.com\/de HaftungshinweisTrotz sorgf\u00e4ltiger inhaltlicher Kontrolle \u00fcbernehmen wir keine Haftung f\u00fcr die Inhalte externer Links. F\u00fcr den [&hellip;]<\/p>\n","protected":false},"author":3,"featured_media":26751,"parent":0,"menu_order":21,"comment_status":"closed","ping_status":"closed","template":"tmpl-pagette.php","meta":{"_acf_changed":false,"content-type":"","footnotes":""},"class_list":["post-12057","page","type-page","status-publish","has-post-thumbnail","hentry"],"acf":[],"yoast_head":"<!-- This site is optimized with the Yoast SEO plugin v26.6 - https:\/\/yoast.com\/wordpress\/plugins\/seo\/ -->\n<title>Impressum - Advens<\/title>\n<meta name=\"description\" content=\"ADVENS GmbH Weihenstephanerstr. 12, 81673 M\u00fcnchen\/DeutschlandE-Mail: INFO-DACH(at)advens.comGesch\u00e4ftsf\u00fchrer: David Buhan, Emmanuel HaudebourgProkurist:\" \/>\n<meta name=\"robots\" content=\"index, follow, max-snippet:-1, max-image-preview:large, max-video-preview:-1\" \/>\n<link rel=\"canonical\" href=\"https:\/\/www.advens.com\/de\/impressum\/\" \/>\n<meta property=\"og:locale\" content=\"de_DE\" \/>\n<meta property=\"og:type\" content=\"article\" \/>\n<meta property=\"og:title\" content=\"Impressum - Advens\" \/>\n<meta property=\"og:description\" content=\"ADVENS GmbH Weihenstephanerstr. 12, 81673 M\u00fcnchen\/DeutschlandE-Mail: INFO-DACH(at)advens.comGesch\u00e4ftsf\u00fchrer: David Buhan, Emmanuel HaudebourgProkurist:\" \/>\n<meta property=\"og:url\" content=\"https:\/\/www.advens.com\/de\/impressum\/\" \/>\n<meta property=\"og:site_name\" content=\"Advens\" \/>\n<meta property=\"article:modified_time\" content=\"2025-10-29T13:47:09+00:00\" \/>\n<meta property=\"og:image\" content=\"https:\/\/www.advens.com\/app\/uploads\/2025\/09\/abstract-cybersecurity-concept-design-1.webp\" \/>\n\t<meta property=\"og:image:width\" content=\"2048\" \/>\n\t<meta property=\"og:image:height\" content=\"1171\" \/>\n\t<meta property=\"og:image:type\" content=\"image\/webp\" \/>\n<meta name=\"twitter:card\" content=\"summary_large_image\" \/>\n<script type=\"application\/ld+json\" class=\"yoast-schema-graph\">{\"@context\":\"https:\/\/schema.org\",\"@graph\":[{\"@type\":\"WebPage\",\"@id\":\"https:\/\/www.advens.com\/de\/impressum\/\",\"url\":\"https:\/\/www.advens.com\/de\/impressum\/\",\"name\":\"Impressum - Advens\",\"isPartOf\":{\"@id\":\"https:\/\/www.advens.com\/#website\"},\"primaryImageOfPage\":{\"@id\":\"https:\/\/www.advens.com\/de\/impressum\/#primaryimage\"},\"image\":{\"@id\":\"https:\/\/www.advens.com\/de\/impressum\/#primaryimage\"},\"thumbnailUrl\":\"https:\/\/www.advens.com\/app\/uploads\/2025\/09\/abstract-cybersecurity-concept-design-1.webp\",\"datePublished\":\"2022-04-05T07:43:32+00:00\",\"dateModified\":\"2025-10-29T13:47:09+00:00\",\"description\":\"ADVENS GmbH Weihenstephanerstr. 12, 81673 M\u00fcnchen\/DeutschlandE-Mail: INFO-DACH(at)advens.comGesch\u00e4ftsf\u00fchrer: David Buhan, Emmanuel HaudebourgProkurist:\",\"breadcrumb\":{\"@id\":\"https:\/\/www.advens.com\/de\/impressum\/#breadcrumb\"},\"inLanguage\":\"de\",\"potentialAction\":[{\"@type\":\"ReadAction\",\"target\":[\"https:\/\/www.advens.com\/de\/impressum\/\"]}]},{\"@type\":\"ImageObject\",\"inLanguage\":\"de\",\"@id\":\"https:\/\/www.advens.com\/de\/impressum\/#primaryimage\",\"url\":\"https:\/\/www.advens.com\/app\/uploads\/2025\/09\/abstract-cybersecurity-concept-design-1.webp\",\"contentUrl\":\"https:\/\/www.advens.com\/app\/uploads\/2025\/09\/abstract-cybersecurity-concept-design-1.webp\",\"width\":2048,\"height\":1171,\"caption\":\"Test d'intrusion\"},{\"@type\":\"BreadcrumbList\",\"@id\":\"https:\/\/www.advens.com\/de\/impressum\/#breadcrumb\",\"itemListElement\":[{\"@type\":\"ListItem\",\"position\":1,\"name\":\"Home\",\"item\":\"https:\/\/www.advens.com\/de\/\"},{\"@type\":\"ListItem\",\"position\":2,\"name\":\"Impressum\"}]},{\"@type\":\"WebSite\",\"@id\":\"https:\/\/www.advens.com\/#website\",\"url\":\"https:\/\/www.advens.com\/\",\"name\":\"Advens\",\"description\":\"For Cyber, People &amp; Planet\",\"publisher\":{\"@id\":\"https:\/\/www.advens.com\/#organization\"},\"potentialAction\":[{\"@type\":\"SearchAction\",\"target\":{\"@type\":\"EntryPoint\",\"urlTemplate\":\"https:\/\/www.advens.com\/?s={search_term_string}\"},\"query-input\":{\"@type\":\"PropertyValueSpecification\",\"valueRequired\":true,\"valueName\":\"search_term_string\"}}],\"inLanguage\":\"de\"},{\"@type\":\"Organization\",\"@id\":\"https:\/\/www.advens.com\/#organization\",\"name\":\"Advens\",\"url\":\"https:\/\/www.advens.com\/\",\"logo\":{\"@type\":\"ImageObject\",\"inLanguage\":\"de\",\"@id\":\"https:\/\/www.advens.com\/#\/schema\/logo\/image\/\",\"url\":\"https:\/\/www.advens.com\/app\/uploads\/2025\/07\/Logotype-aDvens-Cybersecurity.png\",\"contentUrl\":\"https:\/\/www.advens.com\/app\/uploads\/2025\/07\/Logotype-aDvens-Cybersecurity.png\",\"width\":1501,\"height\":1501,\"caption\":\"Advens\"},\"image\":{\"@id\":\"https:\/\/www.advens.com\/#\/schema\/logo\/image\/\"},\"sameAs\":[\"https:\/\/www.linkedin.com\/company\/advens\/\"]}]}<\/script>\n<!-- \/ Yoast SEO plugin. -->","yoast_head_json":{"title":"Impressum - Advens","description":"ADVENS GmbH Weihenstephanerstr. 12, 81673 M\u00fcnchen\/DeutschlandE-Mail: INFO-DACH(at)advens.comGesch\u00e4ftsf\u00fchrer: David Buhan, Emmanuel HaudebourgProkurist:","robots":{"index":"index","follow":"follow","max-snippet":"max-snippet:-1","max-image-preview":"max-image-preview:large","max-video-preview":"max-video-preview:-1"},"canonical":"https:\/\/www.advens.com\/de\/impressum\/","og_locale":"de_DE","og_type":"article","og_title":"Impressum - Advens","og_description":"ADVENS GmbH Weihenstephanerstr. 12, 81673 M\u00fcnchen\/DeutschlandE-Mail: INFO-DACH(at)advens.comGesch\u00e4ftsf\u00fchrer: David Buhan, Emmanuel HaudebourgProkurist:","og_url":"https:\/\/www.advens.com\/de\/impressum\/","og_site_name":"Advens","article_modified_time":"2025-10-29T13:47:09+00:00","og_image":[{"width":2048,"height":1171,"url":"https:\/\/www.advens.com\/app\/uploads\/2025\/09\/abstract-cybersecurity-concept-design-1.webp","type":"image\/webp"}],"twitter_card":"summary_large_image","schema":{"@context":"https:\/\/schema.org","@graph":[{"@type":"WebPage","@id":"https:\/\/www.advens.com\/de\/impressum\/","url":"https:\/\/www.advens.com\/de\/impressum\/","name":"Impressum - Advens","isPartOf":{"@id":"https:\/\/www.advens.com\/#website"},"primaryImageOfPage":{"@id":"https:\/\/www.advens.com\/de\/impressum\/#primaryimage"},"image":{"@id":"https:\/\/www.advens.com\/de\/impressum\/#primaryimage"},"thumbnailUrl":"https:\/\/www.advens.com\/app\/uploads\/2025\/09\/abstract-cybersecurity-concept-design-1.webp","datePublished":"2022-04-05T07:43:32+00:00","dateModified":"2025-10-29T13:47:09+00:00","description":"ADVENS GmbH Weihenstephanerstr. 12, 81673 M\u00fcnchen\/DeutschlandE-Mail: INFO-DACH(at)advens.comGesch\u00e4ftsf\u00fchrer: David Buhan, Emmanuel HaudebourgProkurist:","breadcrumb":{"@id":"https:\/\/www.advens.com\/de\/impressum\/#breadcrumb"},"inLanguage":"de","potentialAction":[{"@type":"ReadAction","target":["https:\/\/www.advens.com\/de\/impressum\/"]}]},{"@type":"ImageObject","inLanguage":"de","@id":"https:\/\/www.advens.com\/de\/impressum\/#primaryimage","url":"https:\/\/www.advens.com\/app\/uploads\/2025\/09\/abstract-cybersecurity-concept-design-1.webp","contentUrl":"https:\/\/www.advens.com\/app\/uploads\/2025\/09\/abstract-cybersecurity-concept-design-1.webp","width":2048,"height":1171,"caption":"Test d'intrusion"},{"@type":"BreadcrumbList","@id":"https:\/\/www.advens.com\/de\/impressum\/#breadcrumb","itemListElement":[{"@type":"ListItem","position":1,"name":"Home","item":"https:\/\/www.advens.com\/de\/"},{"@type":"ListItem","position":2,"name":"Impressum"}]},{"@type":"WebSite","@id":"https:\/\/www.advens.com\/#website","url":"https:\/\/www.advens.com\/","name":"Advens","description":"For Cyber, People &amp; Planet","publisher":{"@id":"https:\/\/www.advens.com\/#organization"},"potentialAction":[{"@type":"SearchAction","target":{"@type":"EntryPoint","urlTemplate":"https:\/\/www.advens.com\/?s={search_term_string}"},"query-input":{"@type":"PropertyValueSpecification","valueRequired":true,"valueName":"search_term_string"}}],"inLanguage":"de"},{"@type":"Organization","@id":"https:\/\/www.advens.com\/#organization","name":"Advens","url":"https:\/\/www.advens.com\/","logo":{"@type":"ImageObject","inLanguage":"de","@id":"https:\/\/www.advens.com\/#\/schema\/logo\/image\/","url":"https:\/\/www.advens.com\/app\/uploads\/2025\/07\/Logotype-aDvens-Cybersecurity.png","contentUrl":"https:\/\/www.advens.com\/app\/uploads\/2025\/07\/Logotype-aDvens-Cybersecurity.png","width":1501,"height":1501,"caption":"Advens"},"image":{"@id":"https:\/\/www.advens.com\/#\/schema\/logo\/image\/"},"sameAs":["https:\/\/www.linkedin.com\/company\/advens\/"]}]}},"_links":{"self":[{"href":"https:\/\/www.advens.com\/de\/wp-json\/wp\/v2\/pages\/12057","targetHints":{"allow":["GET"]}}],"collection":[{"href":"https:\/\/www.advens.com\/de\/wp-json\/wp\/v2\/pages"}],"about":[{"href":"https:\/\/www.advens.com\/de\/wp-json\/wp\/v2\/types\/page"}],"author":[{"embeddable":true,"href":"https:\/\/www.advens.com\/de\/wp-json\/wp\/v2\/users\/3"}],"replies":[{"embeddable":true,"href":"https:\/\/www.advens.com\/de\/wp-json\/wp\/v2\/comments?post=12057"}],"version-history":[{"count":12,"href":"https:\/\/www.advens.com\/de\/wp-json\/wp\/v2\/pages\/12057\/revisions"}],"predecessor-version":[{"id":28127,"href":"https:\/\/www.advens.com\/de\/wp-json\/wp\/v2\/pages\/12057\/revisions\/28127"}],"wp:featuredmedia":[{"embeddable":true,"href":"https:\/\/www.advens.com\/de\/wp-json\/wp\/v2\/media\/26751"}],"wp:attachment":[{"href":"https:\/\/www.advens.com\/de\/wp-json\/wp\/v2\/media?parent=12057"}],"curies":[{"name":"wp","href":"https:\/\/api.w.org\/{rel}","templated":true}]}}