{"id":3558,"date":"2022-06-27T11:08:24","date_gmt":"2022-06-27T09:08:24","guid":{"rendered":"https:\/\/www.advens.com\/recruitment\/histoire-d-advengers\/"},"modified":"2025-09-05T00:14:00","modified_gmt":"2025-09-04T22:14:00","slug":"advengers-stories","status":"publish","type":"page","link":"https:\/\/www.advens.com\/en\/careers\/advengers-stories\/","title":{"rendered":"Advengers stories"},"content":{"rendered":"\n\n  \n  \n  \n\n  \n  <div id=\"block-push-3-colonnes-875583532\" class=\"acf-block-push-contenus-3colonnes alignwide\">\n                                        \n      <div class=\"post-item card card-push card__push3 card-push-all card-push__advenger h-100\">\n        <a class=\"card-link card-push__link\" href=\"https:\/\/youtu.be\/mQITqraCzrg\" target=\"_blank\" title=\"Emilie\"><\/a>\n        <div class=\"card-push__img\">\n          <img decoding=\"async\" class=\"card-img-top img-fluid\" src=\"https:\/\/www.advens.com\/app\/uploads\/2022\/07\/advens-reportage-lille-dsc1444.jpg\" alt=\"\">\n        <\/div>\n                  <div class=\"card-body\">\n            <h3 class=\"text-grey-carbon\">\n              Discover the history of  Emilie\n            <\/h3>\n            <p class=\"smal grey-carbon\">\n              Recruitment &#038; School Relations\n            <\/p>\n          <\/div>\n          <div class=\"card-overlay\">\n            <strong class=\"card-overlay__title card-title\">\n                Discover the history of \n              Emilie\n            <\/strong>\n            <p class=\"smal grey-carbon\">Recruitment &#038; School Relations<\/p>\n                          <p class=\"card-overlay__text\">\n                                Finding and training french and European cyber talents is Emilie&#8217;s job. But to her, it&#8217;s much more than that. Developing a large community of Adven&#8230;\n              <\/p>\n                                      <div class=\"card-overlay__bottom\">\n                <span class=\"btn btn-sm btn-primary\">\n                  Discover the testimonial\n                <\/span>\n              <\/div>\n                      <\/div>\n              <\/div>\n                                        \n      <div class=\"post-item card card-push card__push3 card-push-all card-push__advenger h-100\">\n        <a class=\"card-link card-push__link\" href=\"https:\/\/youtu.be\/5sK3QiwJVIw\" target=\"_blank\" title=\"Maxime\"><\/a>\n        <div class=\"card-push__img\">\n          <img decoding=\"async\" class=\"card-img-top img-fluid\" src=\"https:\/\/www.advens.com\/app\/uploads\/2022\/06\/max-strud-dsc0078.jpg\" alt=\"\">\n        <\/div>\n                  <div class=\"card-body\">\n            <h3 class=\"text-grey-carbon\">\n              Discover the history of  Maxime\n            <\/h3>\n            <p class=\"smal grey-carbon\">\n              Consultant\n            <\/p>\n          <\/div>\n          <div class=\"card-overlay\">\n            <strong class=\"card-overlay__title card-title\">\n                Discover the history of \n              Maxime\n            <\/strong>\n            <p class=\"smal grey-carbon\">Consultant<\/p>\n                          <p class=\"card-overlay__text\">\n                                Driving clients&#8217; cybersecurity roadmap is Maxime&#8217;s job. But to him, it&#8217;s much more than that. Traveling the world and giving them a head start on c&#8230;\n              <\/p>\n                                      <div class=\"card-overlay__bottom\">\n                <span class=\"btn btn-sm btn-primary\">\n                  Discover the testimonial\n                <\/span>\n              <\/div>\n                      <\/div>\n              <\/div>\n                                        \n      <div class=\"post-item card card-push card__push3 card-push-all card-push__advenger h-100\">\n        <a class=\"card-link card-push__link\" href=\"https:\/\/youtu.be\/Qe2gLc1jvf0\" target=\"_blank\" title=\"Thomas\"><\/a>\n        <div class=\"card-push__img\">\n          <img decoding=\"async\" class=\"card-img-top img-fluid\" src=\"https:\/\/www.advens.com\/app\/uploads\/2022\/06\/6087bb87e3b1c-5fd9a821d3927-vg2020-20200621-pbo-9786-basse-dfinition-vi.jpeg\" alt=\"\">\n        <\/div>\n                  <div class=\"card-body\">\n            <h3 class=\"text-grey-carbon\">\n              Discover the history of  Thomas\n            <\/h3>\n            <p class=\"smal grey-carbon\">\n              Navigator\n            <\/p>\n          <\/div>\n          <div class=\"card-overlay\">\n            <strong class=\"card-overlay__title card-title\">\n                Discover the history of \n              Thomas\n            <\/strong>\n            <p class=\"smal grey-carbon\">Navigator<\/p>\n                          <p class=\"card-overlay__text\">\n                                Conquering the Vend\u00e9e Globe, an extraordinary sporting challenge combining performance and surpassing oneself, is Thomas&#8217; goal. But to him, it&#8217;s mu&#8230;\n              <\/p>\n                                      <div class=\"card-overlay__bottom\">\n                <span class=\"btn btn-sm btn-primary\">\n                  Discover the testimonial\n                <\/span>\n              <\/div>\n                      <\/div>\n              <\/div>\n                                        \n      <div class=\"post-item card card-push card__push3 card-push-all card-push__advenger h-100\">\n        <a class=\"card-link card-push__link\" href=\"https:\/\/youtu.be\/2EqbhGUsnGY\" target=\"_blank\" title=\"C\u00e9line\"><\/a>\n        <div class=\"card-push__img\">\n          <img decoding=\"async\" class=\"card-img-top img-fluid\" src=\"https:\/\/www.advens.com\/app\/uploads\/2022\/06\/ce-line-dsc1737.jpg\" alt=\"\">\n        <\/div>\n                  <div class=\"card-body\">\n            <h3 class=\"text-grey-carbon\">\n              Discover the history of  C\u00e9line\n            <\/h3>\n            <p class=\"smal grey-carbon\">\n              Chief Operations Officer\n            <\/p>\n          <\/div>\n          <div class=\"card-overlay\">\n            <strong class=\"card-overlay__title card-title\">\n                Discover the history of \n              C\u00e9line\n            <\/strong>\n            <p class=\"smal grey-carbon\">Chief Operations Officer<\/p>\n                          <p class=\"card-overlay__text\">\n                                Managing the services of 300 customers that trust Advens in terms of their cybersecurity daily is C\u00e9line&#8217;s job. But to her, it&#8217;s much more than tha&#8230;\n              <\/p>\n                                      <div class=\"card-overlay__bottom\">\n                <span class=\"btn btn-sm btn-primary\">\n                  Discover the testimonial\n                <\/span>\n              <\/div>\n                      <\/div>\n              <\/div>\n      <\/div>\n\n\n\n<hr class=\"wp-block-separator has-alpha-channel-opacity\"\/>\n\n\n\n\n<div id=\"block-image-texte-1557350526\" class=\"acf-block-image-texte alignwide\">\n  <div class=\"image-texte row gx-5 py-4 -droite\">\n                            <div class=\"col-12 col-lg-6 image-container mb-3 mb-lg-0 -right\">\n              <div class=\"image mobile-full-width\">\n          <div class=\"image-content ratio-wrapper -square\" data-component=\"LazyImage\" >\n            <picture class=\"full bkg-cover\" >\n                              <source srcset=\"https:\/\/www.advens.com\/app\/uploads\/2022\/06\/unsplash-kdeqa3atnby-620x620.webp\" media=\"(min-width: 0px) and (max-width: 767.98px)\">\n                <source srcset=\"https:\/\/www.advens.com\/app\/uploads\/2022\/06\/unsplash-kdeqa3atnby.webp\" media=\"(min-width: 768px)\">\n                <img decoding=\"async\" class=\"img img-fluid rounded\" loading=\"lazy\" src=\"https:\/\/www.advens.com\/app\/uploads\/2022\/06\/unsplash-kdeqa3atnby.webp\" alt=\"\">\n                          <\/picture>\n          <\/div>\n        <\/div>\n                <\/div>\n    <div class=\"texte col-12 col-lg-6  d-flex flex-column justify-content-center align-items-start\">\n                    <h2 class=\"titre title-5\">\n          Making the world go round is important. Changing it is urgent!\n        <\/h2>\n                    <div class=\"text-content\">\n          <p>To put our economic performance to good use, we share our resources with a wide range of impactful initiatives. These cover areas such as education, inclusion, and the environment.<br \/>\nWe are here to protect the world, but also help change it.<\/p>\n\n        <\/div>\n                                <div class=\"btns d-grid d-md-flex gap-3\">\n                      <a class=\"btn btn-primary\" href=\"https:\/\/www.advens.com\/raison-d-etre\/\" target=\"\" title=\"Discover our purpose\">\n              Discover our purpose\n            <\/a>\n                            <\/div>\n          <\/div>\n  <\/div>\n<\/div>\n\n\n\n<hr class=\"wp-block-separator has-alpha-channel-opacity\"\/>\n\n\n\n<p class=\"is-style-big-text\">Security is not optional. <strong>It is a common good that must be preserved.<\/strong> By protecting the Company, Advens helps everyone fulfill their mission and progress. <\/p>\n\n\n\n<hr class=\"wp-block-separator has-alpha-channel-opacity\"\/>\n\n\n\n\n  \n  \n  \n\n      <div class=\"container\">\n      <div class=\"row\">\n        <div class=\"col-12 d-flex flex-wrap justify-content-between align-items-center\">\n                      <h2 class=\"text-center m-0 fs-2\">\n              Latest news\n                          <\/h2>\n                                <a class=\"link ms-auto\" href=\"https:\/\/www.advens.com\/en\/media\/\" target=\"\">See all<\/a>\n                  <\/div>\n      <\/div>\n    <\/div>\n  \n  <div id=\"block-push-3-colonnes-877772837\" class=\"acf-block-push-contenus-3colonnes alignwide\">\n                                                \n      <div class=\"post-item card card-push card__push3 card-push-all card-push__post h-100\">\n        <a class=\"card-link card-push__link\" href=\"https:\/\/www.advens.com\/en\/media\/security-operations\/making-room-for-intelligence-at-the-edge\/\" target=\"\" title=\"Making room for intelligence at the edge\"><\/a>\n        <div class=\"card-push__img\">\n          <img decoding=\"async\" class=\"card-img-top img-fluid\" src=\"https:\/\/www.advens.com\/app\/uploads\/2026\/04\/freepik_lefttoright-dark-isometri_2783045837-700x480.png\" alt=\"\">\n        <\/div>\n                  <div class=\"card-body d-flex flex-column align-items-start\">\n                          <span class=\"card-push__badge badge rounded-pill text-bg-primary text-white fw-400 mt-2 mb-3\">\n                Security Operations\n              <\/span>\n                                    <h3 class=\"card-h card-push__h3 text-grey-carbon my-auto\">Making room for intelligence at the edge<\/h3>\n                        <span class=\"card-text small text-grey-light mt-auto py-2\">14 April 2026<\/span>\n          <\/div>\n              <\/div>\n                                                \n      <div class=\"post-item card card-push card__push3 card-push-all card-push__post h-100\">\n        <a class=\"card-link card-push__link\" href=\"https:\/\/www.advens.com\/en\/media\/bulletins-cert-en\/threat-intelligence-cert-bulletin-march\/\" target=\"\" title=\"Threat Intelligence \u2013 CERT Bulletin March 2026\"><\/a>\n        <div class=\"card-push__img\">\n          <img decoding=\"async\" class=\"card-img-top img-fluid\" src=\"https:\/\/www.advens.com\/app\/uploads\/2026\/04\/NoName05716_publication-425x480.jpeg\" alt=\"\">\n        <\/div>\n                  <div class=\"card-body d-flex flex-column align-items-start\">\n                          <span class=\"card-push__badge badge rounded-pill text-bg-primary text-white fw-400 mt-2 mb-3\">\n                CERT Alert, Cyber News\n              <\/span>\n                                    <h3 class=\"card-h card-push__h3 text-grey-carbon my-auto\">Threat Intelligence \u2013 CERT Bulletin March 2026<\/h3>\n                        <span class=\"card-text small text-grey-light mt-auto py-2\">13 April 2026<\/span>\n          <\/div>\n              <\/div>\n                                                \n      <div class=\"post-item card card-push card__push3 card-push-all card-push__post h-100\">\n        <a class=\"card-link card-push__link\" href=\"https:\/\/www.advens.com\/en\/media\/security-operations\/massive-data-breach-what-should-be-done\/\" target=\"\" title=\"Massive data breach: what should be done?\"><\/a>\n        <div class=\"card-push__img\">\n          <img decoding=\"async\" class=\"card-img-top img-fluid\" src=\"https:\/\/www.advens.com\/app\/uploads\/2026\/03\/1660-700x480.jpg\" alt=\"Une fuite de donn\u00e9es chez Free, Cegedim ou \u00e0 la direction g\u00e9n\u00e9rale des finances publiques\u00a0: le sujet fait la une des m\u00e9dias, et, le lendemain matin, les t\u00e9l\u00e9phones de beaucoup de RSSI sonnent. Un collaborateur a re\u00e7u un e-mail suspect. Un autre signale que son adresse professionnelle figure dans une liste circulant sur un forum. Toutes les directions demandent si \u00ab\u2009on est concern\u00e9s\u2009\u00bb. Les utilisateurs se demandent que faire en cas de vol de donn\u00e9es massif.\">\n        <\/div>\n                  <div class=\"card-body d-flex flex-column align-items-start\">\n                          <span class=\"card-push__badge badge rounded-pill text-bg-primary text-white fw-400 mt-2 mb-3\">\n                Security Operations\n              <\/span>\n                                    <h3 class=\"card-h card-push__h3 text-grey-carbon my-auto\">Massive data breach: what should be done?<\/h3>\n                        <span class=\"card-text small text-grey-light mt-auto py-2\">26 March 2026<\/span>\n          <\/div>\n              <\/div>\n      <\/div>\n","protected":false},"excerpt":{"rendered":"<p>Every Advenger has two objectives. To do their job well, to protect our clients and their organisations, but also and most importantly, to do their part, to have an impact. Through these testimonials, meet the people who bring our project to life and what drives them daily.<\/p>\n","protected":false},"author":3,"featured_media":2893,"parent":3209,"menu_order":0,"comment_status":"closed","ping_status":"closed","template":"tmpl-landing.php","meta":{"_acf_changed":false,"content-type":"","footnotes":""},"class_list":["post-3558","page","type-page","status-publish","has-post-thumbnail","hentry"],"acf":[],"yoast_head":"<!-- This site is optimized with the Yoast SEO plugin v26.6 - https:\/\/yoast.com\/wordpress\/plugins\/seo\/ -->\n<title>Advengers stories - Advens<\/title>\n<meta name=\"description\" content=\"Every Advenger has two objectives. To do their job well, to protect our clients and their organisations, but also and most importantly, to do their part, to have an impact. Through these testimonials, meet the people who bring our project to life and what drives them daily.\" \/>\n<meta name=\"robots\" content=\"index, follow, max-snippet:-1, max-image-preview:large, max-video-preview:-1\" \/>\n<link rel=\"canonical\" href=\"https:\/\/www.advens.com\/en\/careers\/advengers-stories\/\" \/>\n<meta property=\"og:locale\" content=\"en_US\" \/>\n<meta property=\"og:type\" content=\"article\" \/>\n<meta property=\"og:title\" content=\"Advengers stories - Advens\" \/>\n<meta property=\"og:description\" content=\"Every Advenger has two objectives. To do their job well, to protect our clients and their organisations, but also and most importantly, to do their part, to have an impact. Through these testimonials, meet the people who bring our project to life and what drives them daily.\" \/>\n<meta property=\"og:url\" content=\"https:\/\/www.advens.com\/en\/careers\/advengers-stories\/\" \/>\n<meta property=\"og:site_name\" content=\"Advens\" \/>\n<meta property=\"article:modified_time\" content=\"2025-09-04T22:14:00+00:00\" \/>\n<meta property=\"og:image\" content=\"https:\/\/www.advens.com\/app\/uploads\/2022\/06\/advens-reportage-lyon-dsc2702ter.jpg\" \/>\n\t<meta property=\"og:image:width\" content=\"1920\" \/>\n\t<meta property=\"og:image:height\" content=\"940\" \/>\n\t<meta property=\"og:image:type\" content=\"image\/jpeg\" \/>\n<meta name=\"twitter:card\" content=\"summary_large_image\" \/>\n<script type=\"application\/ld+json\" class=\"yoast-schema-graph\">{\"@context\":\"https:\/\/schema.org\",\"@graph\":[{\"@type\":\"WebPage\",\"@id\":\"https:\/\/www.advens.com\/en\/careers\/advengers-stories\/\",\"url\":\"https:\/\/www.advens.com\/en\/careers\/advengers-stories\/\",\"name\":\"Advengers stories - Advens\",\"isPartOf\":{\"@id\":\"https:\/\/www.advens.com\/#website\"},\"primaryImageOfPage\":{\"@id\":\"https:\/\/www.advens.com\/en\/careers\/advengers-stories\/#primaryimage\"},\"image\":{\"@id\":\"https:\/\/www.advens.com\/en\/careers\/advengers-stories\/#primaryimage\"},\"thumbnailUrl\":\"https:\/\/www.advens.com\/app\/uploads\/2022\/06\/advens-reportage-lyon-dsc2702ter.jpg\",\"datePublished\":\"2022-06-27T09:08:24+00:00\",\"dateModified\":\"2025-09-04T22:14:00+00:00\",\"description\":\"Every Advenger has two objectives. To do their job well, to protect our clients and their organisations, but also and most importantly, to do their part, to have an impact. Through these testimonials, meet the people who bring our project to life and what drives them daily.\",\"breadcrumb\":{\"@id\":\"https:\/\/www.advens.com\/en\/careers\/advengers-stories\/#breadcrumb\"},\"inLanguage\":\"en-US\",\"potentialAction\":[{\"@type\":\"ReadAction\",\"target\":[\"https:\/\/www.advens.com\/en\/careers\/advengers-stories\/\"]}]},{\"@type\":\"ImageObject\",\"inLanguage\":\"en-US\",\"@id\":\"https:\/\/www.advens.com\/en\/careers\/advengers-stories\/#primaryimage\",\"url\":\"https:\/\/www.advens.com\/app\/uploads\/2022\/06\/advens-reportage-lyon-dsc2702ter.jpg\",\"contentUrl\":\"https:\/\/www.advens.com\/app\/uploads\/2022\/06\/advens-reportage-lyon-dsc2702ter.jpg\",\"width\":1920,\"height\":940},{\"@type\":\"BreadcrumbList\",\"@id\":\"https:\/\/www.advens.com\/en\/careers\/advengers-stories\/#breadcrumb\",\"itemListElement\":[{\"@type\":\"ListItem\",\"position\":1,\"name\":\"Home\",\"item\":\"https:\/\/www.advens.com\/en\/\"},{\"@type\":\"ListItem\",\"position\":2,\"name\":\"Careers\",\"item\":\"https:\/\/www.advens.com\/en\/careers\/\"},{\"@type\":\"ListItem\",\"position\":3,\"name\":\"Advengers stories\"}]},{\"@type\":\"WebSite\",\"@id\":\"https:\/\/www.advens.com\/#website\",\"url\":\"https:\/\/www.advens.com\/\",\"name\":\"Advens\",\"description\":\"For Cyber, People &amp; Planet\",\"publisher\":{\"@id\":\"https:\/\/www.advens.com\/#organization\"},\"potentialAction\":[{\"@type\":\"SearchAction\",\"target\":{\"@type\":\"EntryPoint\",\"urlTemplate\":\"https:\/\/www.advens.com\/?s={search_term_string}\"},\"query-input\":{\"@type\":\"PropertyValueSpecification\",\"valueRequired\":true,\"valueName\":\"search_term_string\"}}],\"inLanguage\":\"en-US\"},{\"@type\":\"Organization\",\"@id\":\"https:\/\/www.advens.com\/#organization\",\"name\":\"Advens\",\"url\":\"https:\/\/www.advens.com\/\",\"logo\":{\"@type\":\"ImageObject\",\"inLanguage\":\"en-US\",\"@id\":\"https:\/\/www.advens.com\/#\/schema\/logo\/image\/\",\"url\":\"https:\/\/www.advens.com\/app\/uploads\/2025\/07\/Logotype-aDvens-Cybersecurity.png\",\"contentUrl\":\"https:\/\/www.advens.com\/app\/uploads\/2025\/07\/Logotype-aDvens-Cybersecurity.png\",\"width\":1501,\"height\":1501,\"caption\":\"Advens\"},\"image\":{\"@id\":\"https:\/\/www.advens.com\/#\/schema\/logo\/image\/\"},\"sameAs\":[\"https:\/\/www.linkedin.com\/company\/advens\/\"]}]}<\/script>\n<!-- \/ Yoast SEO plugin. -->","yoast_head_json":{"title":"Advengers stories - Advens","description":"Every Advenger has two objectives. To do their job well, to protect our clients and their organisations, but also and most importantly, to do their part, to have an impact. Through these testimonials, meet the people who bring our project to life and what drives them daily.","robots":{"index":"index","follow":"follow","max-snippet":"max-snippet:-1","max-image-preview":"max-image-preview:large","max-video-preview":"max-video-preview:-1"},"canonical":"https:\/\/www.advens.com\/en\/careers\/advengers-stories\/","og_locale":"en_US","og_type":"article","og_title":"Advengers stories - Advens","og_description":"Every Advenger has two objectives. To do their job well, to protect our clients and their organisations, but also and most importantly, to do their part, to have an impact. Through these testimonials, meet the people who bring our project to life and what drives them daily.","og_url":"https:\/\/www.advens.com\/en\/careers\/advengers-stories\/","og_site_name":"Advens","article_modified_time":"2025-09-04T22:14:00+00:00","og_image":[{"width":1920,"height":940,"url":"https:\/\/www.advens.com\/app\/uploads\/2022\/06\/advens-reportage-lyon-dsc2702ter.jpg","type":"image\/jpeg"}],"twitter_card":"summary_large_image","schema":{"@context":"https:\/\/schema.org","@graph":[{"@type":"WebPage","@id":"https:\/\/www.advens.com\/en\/careers\/advengers-stories\/","url":"https:\/\/www.advens.com\/en\/careers\/advengers-stories\/","name":"Advengers stories - Advens","isPartOf":{"@id":"https:\/\/www.advens.com\/#website"},"primaryImageOfPage":{"@id":"https:\/\/www.advens.com\/en\/careers\/advengers-stories\/#primaryimage"},"image":{"@id":"https:\/\/www.advens.com\/en\/careers\/advengers-stories\/#primaryimage"},"thumbnailUrl":"https:\/\/www.advens.com\/app\/uploads\/2022\/06\/advens-reportage-lyon-dsc2702ter.jpg","datePublished":"2022-06-27T09:08:24+00:00","dateModified":"2025-09-04T22:14:00+00:00","description":"Every Advenger has two objectives. To do their job well, to protect our clients and their organisations, but also and most importantly, to do their part, to have an impact. Through these testimonials, meet the people who bring our project to life and what drives them daily.","breadcrumb":{"@id":"https:\/\/www.advens.com\/en\/careers\/advengers-stories\/#breadcrumb"},"inLanguage":"en-US","potentialAction":[{"@type":"ReadAction","target":["https:\/\/www.advens.com\/en\/careers\/advengers-stories\/"]}]},{"@type":"ImageObject","inLanguage":"en-US","@id":"https:\/\/www.advens.com\/en\/careers\/advengers-stories\/#primaryimage","url":"https:\/\/www.advens.com\/app\/uploads\/2022\/06\/advens-reportage-lyon-dsc2702ter.jpg","contentUrl":"https:\/\/www.advens.com\/app\/uploads\/2022\/06\/advens-reportage-lyon-dsc2702ter.jpg","width":1920,"height":940},{"@type":"BreadcrumbList","@id":"https:\/\/www.advens.com\/en\/careers\/advengers-stories\/#breadcrumb","itemListElement":[{"@type":"ListItem","position":1,"name":"Home","item":"https:\/\/www.advens.com\/en\/"},{"@type":"ListItem","position":2,"name":"Careers","item":"https:\/\/www.advens.com\/en\/careers\/"},{"@type":"ListItem","position":3,"name":"Advengers stories"}]},{"@type":"WebSite","@id":"https:\/\/www.advens.com\/#website","url":"https:\/\/www.advens.com\/","name":"Advens","description":"For Cyber, People &amp; Planet","publisher":{"@id":"https:\/\/www.advens.com\/#organization"},"potentialAction":[{"@type":"SearchAction","target":{"@type":"EntryPoint","urlTemplate":"https:\/\/www.advens.com\/?s={search_term_string}"},"query-input":{"@type":"PropertyValueSpecification","valueRequired":true,"valueName":"search_term_string"}}],"inLanguage":"en-US"},{"@type":"Organization","@id":"https:\/\/www.advens.com\/#organization","name":"Advens","url":"https:\/\/www.advens.com\/","logo":{"@type":"ImageObject","inLanguage":"en-US","@id":"https:\/\/www.advens.com\/#\/schema\/logo\/image\/","url":"https:\/\/www.advens.com\/app\/uploads\/2025\/07\/Logotype-aDvens-Cybersecurity.png","contentUrl":"https:\/\/www.advens.com\/app\/uploads\/2025\/07\/Logotype-aDvens-Cybersecurity.png","width":1501,"height":1501,"caption":"Advens"},"image":{"@id":"https:\/\/www.advens.com\/#\/schema\/logo\/image\/"},"sameAs":["https:\/\/www.linkedin.com\/company\/advens\/"]}]}},"_links":{"self":[{"href":"https:\/\/www.advens.com\/en\/wp-json\/wp\/v2\/pages\/3558","targetHints":{"allow":["GET"]}}],"collection":[{"href":"https:\/\/www.advens.com\/en\/wp-json\/wp\/v2\/pages"}],"about":[{"href":"https:\/\/www.advens.com\/en\/wp-json\/wp\/v2\/types\/page"}],"author":[{"embeddable":true,"href":"https:\/\/www.advens.com\/en\/wp-json\/wp\/v2\/users\/3"}],"replies":[{"embeddable":true,"href":"https:\/\/www.advens.com\/en\/wp-json\/wp\/v2\/comments?post=3558"}],"version-history":[{"count":10,"href":"https:\/\/www.advens.com\/en\/wp-json\/wp\/v2\/pages\/3558\/revisions"}],"predecessor-version":[{"id":26539,"href":"https:\/\/www.advens.com\/en\/wp-json\/wp\/v2\/pages\/3558\/revisions\/26539"}],"up":[{"embeddable":true,"href":"https:\/\/www.advens.com\/en\/wp-json\/wp\/v2\/pages\/3209"}],"wp:featuredmedia":[{"embeddable":true,"href":"https:\/\/www.advens.com\/en\/wp-json\/wp\/v2\/media\/2893"}],"wp:attachment":[{"href":"https:\/\/www.advens.com\/en\/wp-json\/wp\/v2\/media?parent=3558"}],"curies":[{"name":"wp","href":"https:\/\/api.w.org\/{rel}","templated":true}]}}