{"id":9648,"date":"2022-04-04T18:38:22","date_gmt":"2022-04-04T16:38:22","guid":{"rendered":"https:\/\/www.advens.com\/la-nostra-competenza\/la-nostra-filosofia\/"},"modified":"2023-11-14T13:11:42","modified_gmt":"2023-11-14T12:11:42","slug":"la-nostra-filosofia","status":"publish","type":"page","link":"https:\/\/www.advens.com\/it\/la-nostra-competenza\/la-nostra-filosofia\/","title":{"rendered":"La nostra filosofia"},"content":{"rendered":"\n\n<div id=\"block-colonnes-1046924013\" class=\"acf-block-colonnes colonnes alignwide\">\n  <div class=\"container\">\n    <div class=\"row mb-4\">\n      <div class=\"col-12\">\n        <h3><\/h3>\n                  <p>La cybersecurity \u00e8 fondamentale per lo sviluppo delle organizzazioni. Non ci sono dubbi al riguardo. Ma per noi <strong>\u00e8 molto di pi\u00f9<\/strong>. Quando si protegge una fabbrica, un ospedale, una collettivit\u00e0, una banca o un&#8217;impresa, in Advens ci occupiamo non solo della protezione dei dati, ma anche delle risorse di queste organizzazioni.<\/p>\n\n                      <\/div>\n    <\/div>\n\n                  \n    <div class=\"row row-colonnes row-cols-1 row-cols-md-2 row-cols-xl-2 gy-4 mb-4 mb-xl-5\">\n              <div class=\"col -img\">\n          <div class=\"card h-100 bg-grey-white border-0\">\n            <div class=\"card-body\">\n                                                                  <div class=\"round-img mb-3\">\n                        <img decoding=\"async\" class=\"img-fluid\" src=\"https:\/\/www.advens.com\/app\/uploads\/2022\/04\/8-150x150.jpg\" alt=\"8\" loading=\"lazy\"\/>\n                    <\/div>\n                                              <h4>Far girare il mondo<\/h4>\n              <p>Proteggere le organizzazioni e renderle pi\u00f9 forti e capaci di resistere alle minacce informatiche, permettendo loro di svolgere le loro attivit\u00e0 quotidiane. Una missione spesso fondamentale e spesso anche vitale.<\/p>\n\n                          <\/div>\n          <\/div>\n        <\/div>\n              <div class=\"col -img\">\n          <div class=\"card h-100 bg-grey-white border-0\">\n            <div class=\"card-body\">\n                                                                  <div class=\"round-img mb-3\">\n                        <img decoding=\"async\" class=\"img-fluid\" src=\"https:\/\/www.advens.com\/app\/uploads\/2022\/05\/advens-video-capture-ftm-1-150x150.jpg\" alt=\"advens_video_capture_ftm_1\" loading=\"lazy\"\/>\n                    <\/div>\n                                              <h4>E contribuire a cambiarlo<\/h4>\n              <p>Le nostre figure professionali contribuiscono a proteggere il mondo e a farlo funzionare correttamente. E le nostre prestazioni devono contribuire a cambiarlo.<\/p>\n\n                          <\/div>\n          <\/div>\n        <\/div>\n          <\/div>\n  <\/div>\n<\/div>\n\n<hr class=\"wp-block-separator has-css-opacity\"\/>\n\n\n<div id=\"block-interviews-1890947139\" class=\"acf-block-interviews interviews alignwide\">\n      <div class=\"default-block-header header\">\n      <h2 class=\"title-6 title\">La nostra filosofia in immagini<\/h2>\n    <\/div>\n  \n                    <div class=\"container\">\n          <div class=\"row\">\n            <div class=\"col-12 col-xl-6 d-flex flex-column justify-content-center\">\n              <blockquote>\n                <p class=\"introduction introduction text-primary fs-3\">\n                  &#8220;La cybersecurity \u00e8 diventata essenziale per tutte le organizzazioni, sia pubbliche che private. Proteggere i sistemi informatici significa proteggere queste organizzazioni e la societ\u00e0 nel suo complesso.&#8221;\n                <\/p>\n                <cite>\n                  <strong class=\"texte-moyen-bold d-flex\">Benjamin Leroux<\/strong>\n                  <span class=\"texte-moyen\">Direttore Marketing<\/span>\n                <\/cite>\n              <\/blockquote>\n              <div class=\"btns\">\n                                                  <a class=\"btn btn-primary\" href=\"https:\/\/www.advens.com\/nous-contacter\/\" target=\"\" title=\"Condividi la nostra visione\">\n                    Condividi la nostra visione\n                  <\/a>\n                              <\/div>\n            <\/div>\n            <div class=\"col-12 col-xl-6\">\n                                  <div class=\"yt-video-container\" data-video-id=\"Ia19FBEyfvg\">\n          <iframe loading=\"lazy\" class=\"iframe-video\" width=\"100%\" height=\"380\" src=\"https:\/\/www.youtube-nocookie.com\/embed\/Ia19FBEyfvg\" title=\"Youtube video\" frameborder=\"0\" allow=\"accelerometer; autoplay; clipboard-write; encrypted-media; gyroscope; picture-in-picture\" allowfullscreen=\"allowfullscreen\"><\/iframe>\n      <\/div>\n                            <\/div>\n          <\/div>\n        <\/div>\n            <\/div>\n<hr class=\"wp-block-separator has-css-opacity\"\/>\n\n\n<div id=\"block-cas-clients-710246134\" class=\"acf-block-cas-clients cas-clients alignwide\">\n  <div class=\"container container-header\">\n    <div class=\"row mb-4\">\n      <div class=\"col-12 d-flex justify-content-between align-items-center\">\n        <h2>I nostri business case<\/h2>\n                <a class=\"ico-btn btn-see-all\" title=\"Visualizza tutto\" href=\"https:\/\/www.advens.com\/it\/caso-cliente\/\">\n          Visualizza tutto\n        <\/a>\n      <\/div>\n    <\/div>\n  <\/div>\n          <div id=\"carouselCasClients-848740987\" class=\"carousel carousel-dark slide\">\n      <div class=\"controls carousel-indicators\">\n        <button class=\"carousel-control-prev position-relative bg-transparent\" type=\"button\" data-bs-target=\"#carouselCasClients-848740987\" data-bs-slide=\"prev\">\n          <span class=\"carousel-control-prev-icon\" aria-hidden=\"true\"><\/span>\n          <span class=\"visually-hidden\">Precedente<\/span>\n        <\/button>\n        <button class=\"carousel-control-next position-relative bg-transparent order-3\" type=\"button\" data-bs-target=\"#carouselCasClients-848740987\" data-bs-slide=\"next\">\n          <span class=\"carousel-control-next-icon\" aria-hidden=\"true\"><\/span>\n          <span class=\"visually-hidden\">Prossimo<\/span>\n        <\/button>\n        <div class=\"carousel-indicators position-relative m-0\">\n                                  <button type=\"button\" data-bs-target=\"#carouselCasClients-848740987\" data-bs-slide-to=\"0\" class=\"active\" aria-current=\"true\" aria-label=\"Slide 0\"><\/button>\n                                  <button type=\"button\" data-bs-target=\"#carouselCasClients-848740987\" data-bs-slide-to=\"1\" aria-label=\"Slide 1\"><\/button>\n                  <\/div>\n      <\/div>\n      <div class=\"carousel-inner\">\n                                        <div class=\"carousel-item active bg-grey-white p-4 p-xl-5 pb-5 rounded-2\">\n              <div class=\"container\">\n                <div class=\"row\">\n                  <div class=\"col-12\">\n                    <h3 class=\"mb-4\">Intervento del CERT per gestire un attacco ransomware<\/h3>\n                  <\/div>\n                <\/div>\n              <\/div>\n              <div class=\"container\">\n                <div class=\"row\">\n                  <div class=\"col-12 col-xl-6\">\n                    <div class=\"cas-client-activite-defis text texte-moyen\">\n                      <div class=\"cas-client-inner\">\n                                                  <p>\n                            <strong>Cliente<\/strong>\n                          <\/p>\n                          <div class=\"cas-client-logo mb-3\">\n                                                        <img decoding=\"async\" src=\"https:\/\/www.advens.com\/app\/uploads\/2022\/05\/logovienne-140x140.png\" alt=\"Logo \" loading=\"lazy\" class=\"img-fluid\"\/>\n                          <\/div>\n                                                <strong>Attivit\u00e0<\/strong>\n<ul>\n \t<li>438.435 abitanti<\/li>\n \t<li>6.990 km\u00b2<\/li>\n \t<li>1.600 agenti<\/li>\n \t<li>514 milioni di euro di bilancio nel 2022<\/li>\n<\/ul>\n\u00a0\n\n<strong>Sfide<\/strong>\n<ul>\n \t<li>Affrontare un attacco ransomware<\/li>\n \t<li>Comprendere l&#8217;origine e la portata dell&#8217;attacco<\/li>\n \t<li>Gestire la crisi informatica sul piano tecnico e organizzativo<\/li>\n \t<li>Ridurre gli impatti e i periodi di indisponibilit\u00e0<\/li>\n \t<li>Ripristinare un sistema funzionante<\/li>\n<\/ul>\n                      <\/div>\n                    <\/div>\n                    <a class=\"link -blue -arrow-right texte-moyen-bold\" href=\"https:\/\/www.advens.com\/it\/caso-cliente\/intervento-del-cert-per-gestire-un-attacco-ransomware\/\">Leggi la storia<\/a>\n                  <\/div>\n                  <div class=\"col-12 col-xl-6\">\n                    <div class=\"card p-4\">\n                      <div class=\"card-body\">\n                        <figure>\n                          <blockquote class=\"blockquote\">\n                            <p class=\"body-bold mb-3\">\n                              &#8220;Vorrei sottolineare la reattivit\u00e0 dei team di Advens. Sono riuscito a contattarli nel giro di poche ore. Dopo una prima risposta video durante il fine settimana, i team CERT di Advens sono arrivati sul posto luned\u00ec. Le cose si sono messe in moto molto rapidamente e senza intoppi.&#8221;\n                            <\/p>\n                          <\/blockquote>\n                          <figcaption class=\"blockquote-footer mt-3\">\n                            <cite>\n                              <span class=\"texte-moyen-bold\">Luis Manuel Da Silva<\/span>\n                              <span class=\"texte-moyen\">Direttore della Transizione Digitale del Dipartimento della Vienne<\/span>\n                            <\/cite>\n                          <\/figcaption>\n                        <\/figure>\n                      <\/div>\n                    <\/div>\n                  <\/div>\n                <\/div>\n              <\/div>\n            <\/div>\n                                                  <div class=\"carousel-item  bg-grey-white p-4 p-xl-5 pb-5 rounded-2\">\n              <div class=\"container\">\n                <div class=\"row\">\n                  <div class=\"col-12\">\n                    <h3 class=\"mb-4\">CAIH: la cybersecurity accessibile a tutte le strutture sanitarie<\/h3>\n                  <\/div>\n                <\/div>\n              <\/div>\n              <div class=\"container\">\n                <div class=\"row\">\n                  <div class=\"col-12 col-xl-6\">\n                    <div class=\"cas-client-activite-defis text texte-moyen\">\n                      <div class=\"cas-client-inner\">\n                                                  <p>\n                            <strong>Cliente<\/strong>\n                          <\/p>\n                          <div class=\"cas-client-logo mb-3\">\n                                                        <img decoding=\"async\" src=\"https:\/\/www.advens.com\/app\/uploads\/2022\/05\/caih-logo.png\" alt=\"Logo \" loading=\"lazy\" class=\"img-fluid\"\/>\n                          <\/div>\n                                                <strong>Attivit\u00e0<\/strong>\n<ul>\n \t<li>Gestione di oltre 35 mercati per le strutture sanitarie<\/li>\n \t<li>1500 membri<\/li>\n \t<li>Attivit\u00e0 trasversali svolte all&#8217;interno del settore dell&#8217;informatica e delle telecomunicazioni<\/li>\n<\/ul>\n<strong>Sfide<\/strong>\n<ul>\n \t<li>Ideare un&#8217;offerta di servizi di cybersecurity pensata per il settore sanitario<\/li>\n \t<li>Proporre un metodo di consegna adeguato<\/li>\n \t<li>Conciliare l&#8217;esperienza e la vicinanza di un fornitore di servizi e le migliori tecnologie di protezione<\/li>\n<\/ul>\n                      <\/div>\n                    <\/div>\n                    <a class=\"link -blue -arrow-right texte-moyen-bold\" href=\"https:\/\/www.advens.com\/it\/caso-cliente\/caih-la-cybersecurity-accessibile-a-tutte-le-strutture-sanitarie\/\">Leggi la storia<\/a>\n                  <\/div>\n                  <div class=\"col-12 col-xl-6\">\n                    <div class=\"card p-4\">\n                      <div class=\"card-body\">\n                        <figure>\n                          <blockquote class=\"blockquote\">\n                            <p class=\"body-bold mb-3\">\n                              &#8220;Per la CAIH era fondamentale offrire ai nostri partner un servizio su misura, che rispondesse innanzitutto ai loro interessi, in modo da poter contribuire insieme a rendere pi\u00f9 sicuri i SI delle strutture sanitarie.&#8221;\n                            <\/p>\n                          <\/blockquote>\n                          <figcaption class=\"blockquote-footer mt-3\">\n                            <cite>\n                              <span class=\"texte-moyen-bold\">Vincent Deleau<\/span>\n                              <span class=\"texte-moyen\">Direttore operativo per la CAIH<\/span>\n                            <\/cite>\n                          <\/figcaption>\n                        <\/figure>\n                      <\/div>\n                    <\/div>\n                  <\/div>\n                <\/div>\n              <\/div>\n            <\/div>\n                        <\/div>\n    <\/div>\n  <\/div>\n\n<hr class=\"wp-block-separator has-alpha-channel-opacity\"\/>\n\n\n  \n  \n  \n\n      <div class=\"container\">\n      <div class=\"row\">\n        <div class=\"col-12 d-flex flex-wrap justify-content-between align-items-center\">\n                      <h2 class=\"text-center m-0 fs-2\">\n              I nostri ultimi aggiornamenti\n                          <\/h2>\n                            <\/div>\n      <\/div>\n    <\/div>\n  \n  <div id=\"block-push-3-colonnes-1543354847\" class=\"acf-block-push-contenus-3colonnes alignwide\">\n                                                \n      <div class=\"post-item card card-push card__push3 card-push-all card-push__post h-100\">\n        <a class=\"card-link card-push__link\" href=\"https:\/\/www.advens.com\/it\/media\/cyber-news-it\/mdr-e-managed-edr-il-valore-e-nel-servizio\/\" target=\"\" title=\"SOC: il valore \u00e8 nel servizio\u00a0\"><\/a>\n        <div class=\"card-push__img\">\n          <img decoding=\"async\" class=\"card-img-top img-fluid\" src=\"https:\/\/www.advens.com\/app\/uploads\/2023\/05\/Ordinateur-portable-bleu-et-blanc-990x660-1-700x480.jpg\" alt=\"\">\n        <\/div>\n                  <div class=\"card-body d-flex flex-column align-items-start\">\n                          <span class=\"card-push__badge badge rounded-pill text-bg-primary text-white fw-400 mt-2 mb-3\">\n                Cyber News\n              <\/span>\n                                    <h3 class=\"card-h card-push__h3 text-grey-carbon my-auto\">SOC: il valore \u00e8 nel servizio\u00a0<\/h3>\n                        <span class=\"card-text small text-grey-light mt-auto py-2\">23 Settembre 2025<\/span>\n          <\/div>\n              <\/div>\n                                                \n      <div class=\"post-item card card-push card__push3 card-push-all card-push__post h-100\">\n        <a class=\"card-link card-push__link\" href=\"https:\/\/www.advens.com\/it\/media\/cyber-news-it\/missione-soc-2025\/\" target=\"\" title=\"Qual \u00e8 la missione di un SOC nel 2025?\u00a0\"><\/a>\n        <div class=\"card-push__img\">\n          <img decoding=\"async\" class=\"card-img-top img-fluid\" src=\"https:\/\/www.advens.com\/app\/uploads\/2025\/09\/presentation-of-mySOC-700x480.png\" alt=\"\">\n        <\/div>\n                  <div class=\"card-body d-flex flex-column align-items-start\">\n                          <span class=\"card-push__badge badge rounded-pill text-bg-primary text-white fw-400 mt-2 mb-3\">\n                Cyber News\n              <\/span>\n                                    <h3 class=\"card-h card-push__h3 text-grey-carbon my-auto\">Qual \u00e8 la missione di un SOC nel 2025?\u00a0<\/h3>\n                        <span class=\"card-text small text-grey-light mt-auto py-2\">17 Settembre 2025<\/span>\n          <\/div>\n              <\/div>\n                                                \n      <div class=\"post-item card card-push card__push3 card-push-all card-push__post h-100\">\n        <a class=\"card-link card-push__link\" href=\"https:\/\/www.advens.com\/it\/media\/advens-inside-it\/advens-entra-nel-mercato-italiano-della-cybersecurity\/\" target=\"\" title=\"Advens entra nel mercato Italiano della Cybersecurity\"><\/a>\n        <div class=\"card-push__img\">\n          <img decoding=\"async\" class=\"card-img-top img-fluid\" src=\"https:\/\/www.advens.com\/app\/uploads\/2024\/02\/business-news-2.jpg\" alt=\"\">\n        <\/div>\n                  <div class=\"card-body d-flex flex-column align-items-start\">\n                          <span class=\"card-push__badge badge rounded-pill text-bg-primary text-white fw-400 mt-2 mb-3\">\n                Advens Inside\n              <\/span>\n                                    <h3 class=\"card-h card-push__h3 text-grey-carbon my-auto\">Advens entra nel mercato Italiano della Cybersecurity<\/h3>\n                        <span class=\"card-text small text-grey-light mt-auto py-2\">20 Maggio 2025<\/span>\n          <\/div>\n              <\/div>\n      <\/div>\n","protected":false},"excerpt":{"rendered":"","protected":false},"author":3,"featured_media":0,"parent":9629,"menu_order":3,"comment_status":"closed","ping_status":"closed","template":"","meta":{"_acf_changed":false,"content-type":"","footnotes":""},"class_list":["post-9648","page","type-page","status-publish","hentry"],"acf":[],"yoast_head":"<!-- This site is optimized with the Yoast SEO plugin v26.6 - https:\/\/yoast.com\/wordpress\/plugins\/seo\/ -->\n<title>La nostra filosofia - Advens<\/title>\n<meta name=\"robots\" content=\"index, follow, max-snippet:-1, max-image-preview:large, max-video-preview:-1\" \/>\n<link rel=\"canonical\" href=\"https:\/\/www.advens.com\/it\/la-nostra-competenza\/la-nostra-filosofia\/\" \/>\n<meta property=\"og:locale\" content=\"it_IT\" \/>\n<meta property=\"og:type\" content=\"article\" \/>\n<meta property=\"og:title\" content=\"La nostra filosofia - Advens\" \/>\n<meta property=\"og:url\" content=\"https:\/\/www.advens.com\/it\/la-nostra-competenza\/la-nostra-filosofia\/\" \/>\n<meta property=\"og:site_name\" content=\"Advens\" \/>\n<meta property=\"article:modified_time\" content=\"2023-11-14T12:11:42+00:00\" \/>\n<meta name=\"twitter:card\" content=\"summary_large_image\" \/>\n<script type=\"application\/ld+json\" class=\"yoast-schema-graph\">{\"@context\":\"https:\/\/schema.org\",\"@graph\":[{\"@type\":\"WebPage\",\"@id\":\"https:\/\/www.advens.com\/it\/la-nostra-competenza\/la-nostra-filosofia\/\",\"url\":\"https:\/\/www.advens.com\/it\/la-nostra-competenza\/la-nostra-filosofia\/\",\"name\":\"La nostra filosofia - Advens\",\"isPartOf\":{\"@id\":\"https:\/\/www.advens.com\/#website\"},\"datePublished\":\"2022-04-04T16:38:22+00:00\",\"dateModified\":\"2023-11-14T12:11:42+00:00\",\"breadcrumb\":{\"@id\":\"https:\/\/www.advens.com\/it\/la-nostra-competenza\/la-nostra-filosofia\/#breadcrumb\"},\"inLanguage\":\"it-IT\",\"potentialAction\":[{\"@type\":\"ReadAction\",\"target\":[\"https:\/\/www.advens.com\/it\/la-nostra-competenza\/la-nostra-filosofia\/\"]}]},{\"@type\":\"BreadcrumbList\",\"@id\":\"https:\/\/www.advens.com\/it\/la-nostra-competenza\/la-nostra-filosofia\/#breadcrumb\",\"itemListElement\":[{\"@type\":\"ListItem\",\"position\":1,\"name\":\"Home\",\"item\":\"https:\/\/www.advens.com\/it\/\"},{\"@type\":\"ListItem\",\"position\":2,\"name\":\"La nostra competenza\",\"item\":\"https:\/\/www.advens.com\/it\/la-nostra-competenza\/\"},{\"@type\":\"ListItem\",\"position\":3,\"name\":\"La nostra filosofia\"}]},{\"@type\":\"WebSite\",\"@id\":\"https:\/\/www.advens.com\/#website\",\"url\":\"https:\/\/www.advens.com\/\",\"name\":\"Advens\",\"description\":\"For Cyber, People &amp; Planet\",\"publisher\":{\"@id\":\"https:\/\/www.advens.com\/#organization\"},\"potentialAction\":[{\"@type\":\"SearchAction\",\"target\":{\"@type\":\"EntryPoint\",\"urlTemplate\":\"https:\/\/www.advens.com\/?s={search_term_string}\"},\"query-input\":{\"@type\":\"PropertyValueSpecification\",\"valueRequired\":true,\"valueName\":\"search_term_string\"}}],\"inLanguage\":\"it-IT\"},{\"@type\":\"Organization\",\"@id\":\"https:\/\/www.advens.com\/#organization\",\"name\":\"Advens\",\"url\":\"https:\/\/www.advens.com\/\",\"logo\":{\"@type\":\"ImageObject\",\"inLanguage\":\"it-IT\",\"@id\":\"https:\/\/www.advens.com\/#\/schema\/logo\/image\/\",\"url\":\"https:\/\/www.advens.com\/app\/uploads\/2025\/07\/Logotype-aDvens-Cybersecurity.png\",\"contentUrl\":\"https:\/\/www.advens.com\/app\/uploads\/2025\/07\/Logotype-aDvens-Cybersecurity.png\",\"width\":1501,\"height\":1501,\"caption\":\"Advens\"},\"image\":{\"@id\":\"https:\/\/www.advens.com\/#\/schema\/logo\/image\/\"},\"sameAs\":[\"https:\/\/www.linkedin.com\/company\/advens\/\"]}]}<\/script>\n<!-- \/ Yoast SEO plugin. -->","yoast_head_json":{"title":"La nostra filosofia - Advens","robots":{"index":"index","follow":"follow","max-snippet":"max-snippet:-1","max-image-preview":"max-image-preview:large","max-video-preview":"max-video-preview:-1"},"canonical":"https:\/\/www.advens.com\/it\/la-nostra-competenza\/la-nostra-filosofia\/","og_locale":"it_IT","og_type":"article","og_title":"La nostra filosofia - Advens","og_url":"https:\/\/www.advens.com\/it\/la-nostra-competenza\/la-nostra-filosofia\/","og_site_name":"Advens","article_modified_time":"2023-11-14T12:11:42+00:00","twitter_card":"summary_large_image","schema":{"@context":"https:\/\/schema.org","@graph":[{"@type":"WebPage","@id":"https:\/\/www.advens.com\/it\/la-nostra-competenza\/la-nostra-filosofia\/","url":"https:\/\/www.advens.com\/it\/la-nostra-competenza\/la-nostra-filosofia\/","name":"La nostra filosofia - Advens","isPartOf":{"@id":"https:\/\/www.advens.com\/#website"},"datePublished":"2022-04-04T16:38:22+00:00","dateModified":"2023-11-14T12:11:42+00:00","breadcrumb":{"@id":"https:\/\/www.advens.com\/it\/la-nostra-competenza\/la-nostra-filosofia\/#breadcrumb"},"inLanguage":"it-IT","potentialAction":[{"@type":"ReadAction","target":["https:\/\/www.advens.com\/it\/la-nostra-competenza\/la-nostra-filosofia\/"]}]},{"@type":"BreadcrumbList","@id":"https:\/\/www.advens.com\/it\/la-nostra-competenza\/la-nostra-filosofia\/#breadcrumb","itemListElement":[{"@type":"ListItem","position":1,"name":"Home","item":"https:\/\/www.advens.com\/it\/"},{"@type":"ListItem","position":2,"name":"La nostra competenza","item":"https:\/\/www.advens.com\/it\/la-nostra-competenza\/"},{"@type":"ListItem","position":3,"name":"La nostra filosofia"}]},{"@type":"WebSite","@id":"https:\/\/www.advens.com\/#website","url":"https:\/\/www.advens.com\/","name":"Advens","description":"For Cyber, People &amp; Planet","publisher":{"@id":"https:\/\/www.advens.com\/#organization"},"potentialAction":[{"@type":"SearchAction","target":{"@type":"EntryPoint","urlTemplate":"https:\/\/www.advens.com\/?s={search_term_string}"},"query-input":{"@type":"PropertyValueSpecification","valueRequired":true,"valueName":"search_term_string"}}],"inLanguage":"it-IT"},{"@type":"Organization","@id":"https:\/\/www.advens.com\/#organization","name":"Advens","url":"https:\/\/www.advens.com\/","logo":{"@type":"ImageObject","inLanguage":"it-IT","@id":"https:\/\/www.advens.com\/#\/schema\/logo\/image\/","url":"https:\/\/www.advens.com\/app\/uploads\/2025\/07\/Logotype-aDvens-Cybersecurity.png","contentUrl":"https:\/\/www.advens.com\/app\/uploads\/2025\/07\/Logotype-aDvens-Cybersecurity.png","width":1501,"height":1501,"caption":"Advens"},"image":{"@id":"https:\/\/www.advens.com\/#\/schema\/logo\/image\/"},"sameAs":["https:\/\/www.linkedin.com\/company\/advens\/"]}]}},"_links":{"self":[{"href":"https:\/\/www.advens.com\/it\/wp-json\/wp\/v2\/pages\/9648","targetHints":{"allow":["GET"]}}],"collection":[{"href":"https:\/\/www.advens.com\/it\/wp-json\/wp\/v2\/pages"}],"about":[{"href":"https:\/\/www.advens.com\/it\/wp-json\/wp\/v2\/types\/page"}],"author":[{"embeddable":true,"href":"https:\/\/www.advens.com\/it\/wp-json\/wp\/v2\/users\/3"}],"replies":[{"embeddable":true,"href":"https:\/\/www.advens.com\/it\/wp-json\/wp\/v2\/comments?post=9648"}],"version-history":[{"count":1,"href":"https:\/\/www.advens.com\/it\/wp-json\/wp\/v2\/pages\/9648\/revisions"}],"predecessor-version":[{"id":9649,"href":"https:\/\/www.advens.com\/it\/wp-json\/wp\/v2\/pages\/9648\/revisions\/9649"}],"up":[{"embeddable":true,"href":"https:\/\/www.advens.com\/it\/wp-json\/wp\/v2\/pages\/9629"}],"wp:attachment":[{"href":"https:\/\/www.advens.com\/it\/wp-json\/wp\/v2\/media?parent=9648"}],"curies":[{"name":"wp","href":"https:\/\/api.w.org\/{rel}","templated":true}]}}